{"id":102,"date":"2026-05-03T12:05:47","date_gmt":"2026-05-03T10:05:47","guid":{"rendered":"http:\/\/adriancuencadesign_orcv4d4i"},"modified":"2026-05-03T12:05:47","modified_gmt":"2026-05-03T10:05:47","slug":"aviso-legal","status":"publish","type":"page","link":"https:\/\/gracious-fermi.168-231-87-164.plesk.page\/?page_id=102","title":{"rendered":"Aviso Legal"},"content":{"rendered":"\n<p><strong>1. Informaci\u00f3n General<\/strong><\/p>\n\n\n\n<p>En cumplimiento con el deber de informaci\u00f3n recogido en el art\u00edculo 10 de la Ley 34\/2002, de 11 de julio, de Servicios de la Sociedad de la Informaci\u00f3n y del Comercio Electr\u00f3nico, a continuaci\u00f3n se reflejan los siguientes datos:<\/p>\n\n\n\n<ul class=\"wp-block-list\">\n<li>Titular: https:\/\/gracious-fermi.168-231-87-164.plesk.page\/wp-content\/uploads\/2024\/08\/Santiago-Bernabeu.jpg Pujante Saura<\/li>\n\n\n\n<li>NIF: 15484198T<\/li>\n\n\n\n<li>Domicilio: Calle Pintor Rafael D\u00e1vila 48<\/li>\n\n\n\n<li>Tel\u00e9fono: <a href=\"tel:655743569\">655743569<\/a><\/li>\n\n\n\n<li>Email: info@icalculo.es<\/li>\n\n\n\n<li>Dominio Web: <a href=\"http:\/\/www.icalculo.com\">www.icalculo.<\/a><a href=\"http:\/\/www.icalculo.es\">es<\/a><\/li>\n<\/ul>\n\n\n\n<p><strong>2. Condiciones de Uso<\/strong><\/p>\n\n\n\n<p>El acceso y\/o uso de este portal web atribuye la condici\u00f3n de usuario, que acepta, desde dicho acceso y\/o uso, las Condiciones Generales de Uso aqu\u00ed reflejadas. Las mencionadas condiciones ser\u00e1n de aplicaci\u00f3n independientemente de las Condiciones Generales de Contrataci\u00f3n que en su caso resulten de obligado cumplimiento.<\/p>\n\n\n\n<p><strong>3. Uso del Portal<\/strong><\/p>\n\n\n\n<p><a href=\"http:\/\/www.icalculo.es\">www.icalculo.es<\/a> proporciona el acceso a multitud de informaciones, servicios, programas o datos (en adelante, \u00ablos contenidos\u00bb) en Internet pertenecientes a iC\u00e1lculo o a sus licenciantes a los que el usuario puede tener acceso. El usuario asume la responsabilidad del uso del portal. Esta responsabilidad se extiende al registro que fuera necesario para acceder a determinados servicios o contenidos.<\/p>\n\n\n\n<p>En dicho registro el usuario ser\u00e1 responsable de aportar informaci\u00f3n veraz y l\u00edcita. Como consecuencia de este registro, se le puede proporcionar una contrase\u00f1a de la que ser\u00e1 responsable, comprometi\u00e9ndose a hacer un uso diligente y confidencial de la misma.<\/p>\n\n\n\n<p><strong>4. Protecci\u00f3n de Datos<\/strong><\/p>\n\n\n\n<p>iC\u00e1lculo cumple con las directrices del Reglamento (UE) 2016\/679 del Parlamento Europeo y del Consejo de 27 de abril de 2016 relativo a la protecci\u00f3n de las personas f\u00edsicas en lo que respecta al tratamiento de datos personales y a la libre circulaci\u00f3n de estos datos (RGPD), as\u00ed como con la Ley Org\u00e1nica 3\/2018, de 5 de diciembre, de Protecci\u00f3n de Datos Personales y garant\u00eda de los derechos digitales (LOPDGDD), y vela por garantizar un correcto uso y tratamiento de los datos personales del usuario.<\/p>\n\n\n\n<p>Para m\u00e1s informaci\u00f3n, consulte nuestra <a href=\"https:\/\/icalculo.es\/politica-de-privacidad\/\">Pol\u00edtica de Privacidad<\/a>.<\/p>\n\n\n\n<p><strong>5. Propiedad Intelectual e Industrial<\/strong><\/p>\n\n\n\n<p>iC\u00e1lculo por s\u00ed o como cesionaria, es titular de todos los derechos de propiedad intelectual e industrial de su p\u00e1gina web, as\u00ed como de los elementos contenidos en la misma (a t\u00edtulo enunciativo, im\u00e1genes, sonido, audio, v\u00eddeo, software o textos; marcas o logotipos, combinaciones de colores, estructura y dise\u00f1o, selecci\u00f3n de materiales usados, programas de ordenador necesarios para su funcionamiento, acceso y uso, etc.), titularidad de iC\u00e1lculo o bien de sus licenciantes. Todos los derechos reservados.<\/p>\n\n\n\n<p>En virtud de lo dispuesto en los art\u00edculos 8 y 32.1, p\u00e1rrafo segundo, de la Ley de Propiedad Intelectual, quedan expresamente prohibidas la reproducci\u00f3n, la distribuci\u00f3n y la comunicaci\u00f3n p\u00fablica, incluida su modalidad de puesta a disposici\u00f3n, de la totalidad o parte de los contenidos de esta p\u00e1gina web, con fines comerciales, en cualquier soporte y por cualquier medio t\u00e9cnico, sin la autorizaci\u00f3n de iC\u00e1lculo. El usuario se compromete a respetar los derechos de Propiedad Intelectual e Industrial titularidad de iC\u00e1lculo.<\/p>\n\n\n\n<p><strong>6. Exclusi\u00f3n de Garant\u00edas y Responsabilidad<\/strong><\/p>\n\n\n\n<p>iC\u00e1lculo no se hace responsable, en ning\u00fan caso, de los da\u00f1os y perjuicios de cualquier naturaleza que pudieran ocasionar, a t\u00edtulo enunciativo: errores u omisiones en los contenidos, falta de disponibilidad del portal o la transmisi\u00f3n de virus o programas maliciosos o lesivos en los contenidos, a pesar de haber adoptado todas las medidas tecnol\u00f3gicas necesarias para evitarlo.<\/p>\n\n\n\n<p><strong>7. Modificaciones<\/strong><\/p>\n\n\n\n<p>iC\u00e1lculo se reserva el derecho de efectuar sin previo aviso las modificaciones que considere oportunas en su portal, pudiendo cambiar, suprimir o a\u00f1adir tanto los contenidos y servicios que se presten a trav\u00e9s del mismo como la forma en la que \u00e9stos aparezcan presentados o localizados en su portal.<\/p>\n\n\n\n<p><strong>8. Enlaces<\/strong><\/p>\n\n\n\n<p>En el caso de que en <a href=\"http:\/\/www.icalculo.es\">www.icalculo.es<\/a> se dispusiesen enlaces o hiperv\u00ednculos hac\u00eda otros sitios de Internet, iC\u00e1lculo no ejercer\u00e1 ning\u00fan tipo de control sobre dichos sitios y contenidos. En ning\u00fan caso iC\u00e1lculo asumir\u00e1 responsabilidad alguna por los contenidos de alg\u00fan enlace perteneciente a un sitio web ajeno, ni garantizar\u00e1 la disponibilidad t\u00e9cnica, calidad, fiabilidad, exactitud, amplitud, veracidad, validez y constitucionalidad de cualquier material o informaci\u00f3n contenida en ninguno de dichos hiperv\u00ednculos u otros sitios de Internet.<\/p>\n\n\n\n<p>Igualmente, la inclusi\u00f3n de estas conexiones externas no implicar\u00e1 ning\u00fan tipo de asociaci\u00f3n, fusi\u00f3n o participaci\u00f3n con las entidades conectadas.<\/p>\n\n\n\n<p><strong>9. Derecho de Exclusi\u00f3n<\/strong><\/p>\n\n\n\n<p>iC\u00e1lculo se reserva el derecho a denegar o retirar el acceso a portal y\/o los servicios ofrecidos sin necesidad de preaviso, a instancia propia o de un tercero, a aquellos usuarios que incumplan las presentes Condiciones Generales de Uso.<\/p>\n\n\n\n<p><strong>10. Generalidades<\/strong><\/p>\n\n\n\n<p>iC\u00e1lculo perseguir\u00e1 el incumplimiento de las presentes condiciones as\u00ed como cualquier utilizaci\u00f3n indebida de su portal ejerciendo todas las acciones civiles y penales que le puedan corresponder en derecho.<\/p>\n\n\n\n<p><strong>11. Modificaci\u00f3n de las Presentes Condiciones y Duraci\u00f3n<\/strong><\/p>\n\n\n\n<p>iC\u00e1lculo podr\u00e1 modificar en cualquier momento las condiciones aqu\u00ed determinadas, siendo debidamente publicadas como aqu\u00ed aparecen. La vigencia de las citadas condiciones ir\u00e1 en funci\u00f3n de su exposici\u00f3n y estar\u00e1n vigentes hasta que sean modificadas por otras debidamente publicadas.<\/p>\n\n\n\n<p><strong>12. Legislaci\u00f3n Aplicable y Jurisdicci\u00f3n<\/strong><\/p>\n\n\n\n<p>La relaci\u00f3n entre iC\u00e1lculo y el usuario se regir\u00e1 por la normativa espa\u00f1ola vigente y cualquier controversia se someter\u00e1 a los juzgados y tribunales de la ciudad de Los Alc\u00e1zares\u200b, salvo que la ley aplicable disponga otra cosa.<\/p>\n\n\n\n<hr class=\"wp-block-separator has-alpha-channel-opacity\"\/>\n\n\n\n<p>Este Aviso Legal ha sido actualizado por \u00faltima vez el 02\/07\/2024.<\/p>\n\n\n\n<p><strong>Contacto<\/strong><\/p>\n\n\n\n<p>Si tiene alguna pregunta sobre este Aviso Legal, puede contactarnos en:<\/p>\n\n\n\n<ul class=\"wp-block-list\">\n<li>Email: info@icalculo.es<\/li>\n\n\n\n<li>Direcci\u00f3n: Calle Pintor Rafael D\u00e1vila 48<\/li>\n\n\n\n<li>Tel\u00e9fono: <a href=\"tel:655743569\">655743569<\/a><\/li>\n<\/ul>\n","protected":false},"excerpt":{"rendered":"<p>1. Informaci\u00f3n General En cumplimiento con el deber de informaci\u00f3n recogido en el art\u00edculo 10 de la Ley 34\/2002, de 11 de julio, de Servicios de la Sociedad de la Informaci\u00f3n y del Comercio Electr\u00f3nico, a continuaci\u00f3n se reflejan los siguientes datos: 2. Condiciones de Uso El acceso y\/o uso de este portal web atribuye [&hellip;]<\/p>\n","protected":false},"author":1,"featured_media":0,"parent":0,"menu_order":0,"comment_status":"closed","ping_status":"closed","template":"","meta":{"footnotes":""},"class_list":["post-102","page","type-page","status-publish","hentry"],"yoast_head":"<!-- This site is optimized with the Yoast SEO plugin v27.5 - https:\/\/yoast.com\/product\/yoast-seo-wordpress\/ -->\n<title>Aviso Legal - iCalculo<\/title>\n<meta name=\"robots\" content=\"index, follow, max-snippet:-1, max-image-preview:large, max-video-preview:-1\" \/>\n<link rel=\"canonical\" href=\"https:\/\/gracious-fermi.168-231-87-164.plesk.page\/?page_id=102\" \/>\n<meta property=\"og:locale\" content=\"es_ES\" \/>\n<meta property=\"og:type\" content=\"article\" \/>\n<meta property=\"og:title\" content=\"Aviso Legal - iCalculo\" \/>\n<meta property=\"og:description\" content=\"1. Informaci\u00f3n General En cumplimiento con el deber de informaci\u00f3n recogido en el art\u00edculo 10 de la Ley 34\/2002, de 11 de julio, de Servicios de la Sociedad de la Informaci\u00f3n y del Comercio Electr\u00f3nico, a continuaci\u00f3n se reflejan los siguientes datos: 2. Condiciones de Uso El acceso y\/o uso de este portal web atribuye [&hellip;]\" \/>\n<meta property=\"og:url\" content=\"https:\/\/gracious-fermi.168-231-87-164.plesk.page\/?page_id=102\" \/>\n<meta property=\"og:site_name\" content=\"iCalculo\" \/>\n<meta name=\"twitter:card\" content=\"summary_large_image\" \/>\n<meta name=\"twitter:label1\" content=\"Tiempo de lectura\" \/>\n\t<meta name=\"twitter:data1\" content=\"5 minutos\" \/>\n<script type=\"application\/ld+json\" class=\"yoast-schema-graph\">{\"@context\":\"https:\\\/\\\/schema.org\",\"@graph\":[{\"@type\":\"WebPage\",\"@id\":\"https:\\\/\\\/gracious-fermi.168-231-87-164.plesk.page\\\/?page_id=102\",\"url\":\"https:\\\/\\\/gracious-fermi.168-231-87-164.plesk.page\\\/?page_id=102\",\"name\":\"Aviso Legal - iCalculo\",\"isPartOf\":{\"@id\":\"https:\\\/\\\/gracious-fermi.168-231-87-164.plesk.page\\\/#website\"},\"datePublished\":\"2026-05-03T10:05:47+00:00\",\"breadcrumb\":{\"@id\":\"https:\\\/\\\/gracious-fermi.168-231-87-164.plesk.page\\\/?page_id=102#breadcrumb\"},\"inLanguage\":\"es\",\"potentialAction\":[{\"@type\":\"ReadAction\",\"target\":[\"https:\\\/\\\/gracious-fermi.168-231-87-164.plesk.page\\\/?page_id=102\"]}]},{\"@type\":\"BreadcrumbList\",\"@id\":\"https:\\\/\\\/gracious-fermi.168-231-87-164.plesk.page\\\/?page_id=102#breadcrumb\",\"itemListElement\":[{\"@type\":\"ListItem\",\"position\":1,\"name\":\"Home\",\"item\":\"https:\\\/\\\/gracious-fermi.168-231-87-164.plesk.page\\\/\"},{\"@type\":\"ListItem\",\"position\":2,\"name\":\"Aviso Legal\"}]},{\"@type\":\"WebSite\",\"@id\":\"https:\\\/\\\/gracious-fermi.168-231-87-164.plesk.page\\\/#website\",\"url\":\"https:\\\/\\\/gracious-fermi.168-231-87-164.plesk.page\\\/\",\"name\":\"iCalculo\",\"description\":\"\",\"potentialAction\":[{\"@type\":\"SearchAction\",\"target\":{\"@type\":\"EntryPoint\",\"urlTemplate\":\"https:\\\/\\\/gracious-fermi.168-231-87-164.plesk.page\\\/?s={search_term_string}\"},\"query-input\":{\"@type\":\"PropertyValueSpecification\",\"valueRequired\":true,\"valueName\":\"search_term_string\"}}],\"inLanguage\":\"es\"}]}<\/script>\n<!-- \/ Yoast SEO plugin. -->","yoast_head_json":{"title":"Aviso Legal - iCalculo","robots":{"index":"index","follow":"follow","max-snippet":"max-snippet:-1","max-image-preview":"max-image-preview:large","max-video-preview":"max-video-preview:-1"},"canonical":"https:\/\/gracious-fermi.168-231-87-164.plesk.page\/?page_id=102","og_locale":"es_ES","og_type":"article","og_title":"Aviso Legal - iCalculo","og_description":"1. Informaci\u00f3n General En cumplimiento con el deber de informaci\u00f3n recogido en el art\u00edculo 10 de la Ley 34\/2002, de 11 de julio, de Servicios de la Sociedad de la Informaci\u00f3n y del Comercio Electr\u00f3nico, a continuaci\u00f3n se reflejan los siguientes datos: 2. Condiciones de Uso El acceso y\/o uso de este portal web atribuye [&hellip;]","og_url":"https:\/\/gracious-fermi.168-231-87-164.plesk.page\/?page_id=102","og_site_name":"iCalculo","twitter_card":"summary_large_image","twitter_misc":{"Tiempo de lectura":"5 minutos"},"schema":{"@context":"https:\/\/schema.org","@graph":[{"@type":"WebPage","@id":"https:\/\/gracious-fermi.168-231-87-164.plesk.page\/?page_id=102","url":"https:\/\/gracious-fermi.168-231-87-164.plesk.page\/?page_id=102","name":"Aviso Legal - iCalculo","isPartOf":{"@id":"https:\/\/gracious-fermi.168-231-87-164.plesk.page\/#website"},"datePublished":"2026-05-03T10:05:47+00:00","breadcrumb":{"@id":"https:\/\/gracious-fermi.168-231-87-164.plesk.page\/?page_id=102#breadcrumb"},"inLanguage":"es","potentialAction":[{"@type":"ReadAction","target":["https:\/\/gracious-fermi.168-231-87-164.plesk.page\/?page_id=102"]}]},{"@type":"BreadcrumbList","@id":"https:\/\/gracious-fermi.168-231-87-164.plesk.page\/?page_id=102#breadcrumb","itemListElement":[{"@type":"ListItem","position":1,"name":"Home","item":"https:\/\/gracious-fermi.168-231-87-164.plesk.page\/"},{"@type":"ListItem","position":2,"name":"Aviso Legal"}]},{"@type":"WebSite","@id":"https:\/\/gracious-fermi.168-231-87-164.plesk.page\/#website","url":"https:\/\/gracious-fermi.168-231-87-164.plesk.page\/","name":"iCalculo","description":"","potentialAction":[{"@type":"SearchAction","target":{"@type":"EntryPoint","urlTemplate":"https:\/\/gracious-fermi.168-231-87-164.plesk.page\/?s={search_term_string}"},"query-input":{"@type":"PropertyValueSpecification","valueRequired":true,"valueName":"search_term_string"}}],"inLanguage":"es"}]}},"_links":{"self":[{"href":"https:\/\/gracious-fermi.168-231-87-164.plesk.page\/index.php?rest_route=\/wp\/v2\/pages\/102","targetHints":{"allow":["GET"]}}],"collection":[{"href":"https:\/\/gracious-fermi.168-231-87-164.plesk.page\/index.php?rest_route=\/wp\/v2\/pages"}],"about":[{"href":"https:\/\/gracious-fermi.168-231-87-164.plesk.page\/index.php?rest_route=\/wp\/v2\/types\/page"}],"author":[{"embeddable":true,"href":"https:\/\/gracious-fermi.168-231-87-164.plesk.page\/index.php?rest_route=\/wp\/v2\/users\/1"}],"replies":[{"embeddable":true,"href":"https:\/\/gracious-fermi.168-231-87-164.plesk.page\/index.php?rest_route=%2Fwp%2Fv2%2Fcomments&post=102"}],"version-history":[{"count":0,"href":"https:\/\/gracious-fermi.168-231-87-164.plesk.page\/index.php?rest_route=\/wp\/v2\/pages\/102\/revisions"}],"wp:attachment":[{"href":"https:\/\/gracious-fermi.168-231-87-164.plesk.page\/index.php?rest_route=%2Fwp%2Fv2%2Fmedia&parent=102"}],"curies":[{"name":"wp","href":"https:\/\/api.w.org\/{rel}","templated":true}]}}